{"id":2231,"date":"2024-08-30T14:12:51","date_gmt":"2024-08-30T19:12:51","guid":{"rendered":"https:\/\/mestizoos4patas.com\/store\/producto\/sofa-para-mascotas\/"},"modified":"2024-09-29T15:08:28","modified_gmt":"2024-09-29T20:08:28","slug":"sofa-para-mascotas","status":"publish","type":"product","link":"https:\/\/mestizoos4patas.com\/store\/producto\/sofa-para-mascotas\/","title":{"rendered":"Sof\u00e1 para mascotas"},"content":{"rendered":"<p><span style=\"font-size: 2em; font-weight: bold;\">\u00a1El Refugio Perfecto para tu Compa\u00f1ero Peludo!<\/span><\/p>\n<div class=\"container\">\n<p>Nuestros sof\u00e1s est\u00e1n dise\u00f1ados para brindar <strong>confort<\/strong> y <strong>seguridad<\/strong>, reduciendo el estr\u00e9s y la ansiedad de tu mascota.<br \/>\nReg\u00e1lale un espacio propio donde pueda <strong>relajarse<\/strong> y sentirse protegido.<\/p>\n<p>\u00a1No esperes m\u00e1s para darle a tu mascota el descanso que se merece!<\/p>\n<p><a class=\"cta-button\" href=\"https:\/\/tu-tienda.com\">\u00a1Compra Ahora!<\/a><\/p>\n<h2>Caracter\u00edsticas Incre\u00edbles:<\/h2>\n<ul>\n<li>\u2714\ufe0f 100% Lavable<\/li>\n<li>\u2714\ufe0f 6 KG de Relleno Antial\u00e9rgico<\/li>\n<li>\u2714\ufe0f Tela Extra Suave<\/li>\n<li>\u2714\ufe0f Materiales Anti Ansiedad<\/li>\n<li>\u2714\ufe0f Disponible en Todas las Tallas<\/li>\n<\/ul>\n<footer><\/footer>\n<\/div>\n<p>&nbsp;<\/p>\n","protected":false},"excerpt":{"rendered":"<p>\u00a1El Refugio Perfecto para tu Compa\u00f1ero Peludo! Nuestros sof\u00e1s est\u00e1n dise\u00f1ados para brindar confort y seguridad, reduciendo el estr\u00e9s y la ansiedad de tu mascota. Reg\u00e1lale un espacio propio donde pueda relajarse y sentirse protegido. \u00a1No esperes m\u00e1s para darle a tu mascota el descanso que se merece! \u00a1Compra Ahora! Caracter\u00edsticas Incre\u00edbles: \u2714\ufe0f 100% Lavable [&hellip;]<\/p>\n","protected":false},"featured_media":2254,"template":"","meta":{"_surecart_dashboard_logo_width":"180px","_surecart_dashboard_show_logo":true,"_surecart_dashboard_navigation_orders":true,"_surecart_dashboard_navigation_subscriptions":true,"_surecart_dashboard_navigation_downloads":true,"_surecart_dashboard_navigation_billing":true,"_surecart_dashboard_navigation_account":true,"_uag_custom_page_level_css":"","site-sidebar-layout":"default","site-content-layout":"","ast-site-content-layout":"default","site-content-style":"default","site-sidebar-style":"default","ast-global-header-display":"","ast-banner-title-visibility":"","ast-main-header-display":"","ast-hfb-above-header-display":"","ast-hfb-below-header-display":"","ast-hfb-mobile-header-display":"","site-post-title":"","ast-breadcrumbs-content":"","ast-featured-img":"","footer-sml-layout":"","theme-transparent-header-meta":"default","adv-header-id-meta":"","stick-header-meta":"","header-above-stick-meta":"","header-main-stick-meta":"","header-below-stick-meta":"","astra-migrate-meta-layouts":"set","ast-page-background-enabled":"default","ast-page-background-meta":{"desktop":{"background-color":"","background-image":"","background-repeat":"repeat","background-position":"center center","background-size":"auto","background-attachment":"scroll","background-type":"","background-media":"","overlay-type":"","overlay-color":"","overlay-opacity":"","overlay-gradient":""},"tablet":{"background-color":"","background-image":"","background-repeat":"repeat","background-position":"center center","background-size":"auto","background-attachment":"scroll","background-type":"","background-media":"","overlay-type":"","overlay-color":"","overlay-opacity":"","overlay-gradient":""},"mobile":{"background-color":"","background-image":"","background-repeat":"repeat","background-position":"center center","background-size":"auto","background-attachment":"scroll","background-type":"","background-media":"","overlay-type":"","overlay-color":"","overlay-opacity":"","overlay-gradient":""}},"ast-content-background-meta":{"desktop":{"background-color":"var(--ast-global-color-5)","background-image":"","background-repeat":"repeat","background-position":"center center","background-size":"auto","background-attachment":"scroll","background-type":"","background-media":"","overlay-type":"","overlay-color":"","overlay-opacity":"","overlay-gradient":""},"tablet":{"background-color":"var(--ast-global-color-5)","background-image":"","background-repeat":"repeat","background-position":"center center","background-size":"auto","background-attachment":"scroll","background-type":"","background-media":"","overlay-type":"","overlay-color":"","overlay-opacity":"","overlay-gradient":""},"mobile":{"background-color":"var(--ast-global-color-5)","background-image":"","background-repeat":"repeat","background-position":"center center","background-size":"auto","background-attachment":"scroll","background-type":"","background-media":"","overlay-type":"","overlay-color":"","overlay-opacity":"","overlay-gradient":""}},"_joinchat":[]},"product_brand":[],"product_cat":[31],"product_tag":[],"class_list":{"0":"post-2231","1":"product","2":"type-product","3":"status-publish","4":"has-post-thumbnail","6":"product_cat-mascotas","7":"desktop-align-left","8":"tablet-align-left","9":"mobile-align-left","11":"first","12":"instock","13":"taxable","14":"shipping-taxable","15":"purchasable","16":"product-type-variable"},"jetpack_sharing_enabled":true,"uagb_featured_image_src":{"full":["https:\/\/mestizoos4patas.com\/store\/wp-content\/uploads\/2024\/08\/1053660.png",1080,1080,false],"thumbnail":["https:\/\/mestizoos4patas.com\/store\/wp-content\/uploads\/2024\/08\/1053660-150x150.png",150,150,true],"medium":["https:\/\/mestizoos4patas.com\/store\/wp-content\/uploads\/2024\/08\/1053660-300x300.png",300,300,true],"medium_large":["https:\/\/mestizoos4patas.com\/store\/wp-content\/uploads\/2024\/08\/1053660-768x768.png",768,768,true],"large":["https:\/\/mestizoos4patas.com\/store\/wp-content\/uploads\/2024\/08\/1053660-1024x1024.png",1024,1024,true],"1536x1536":["https:\/\/mestizoos4patas.com\/store\/wp-content\/uploads\/2024\/08\/1053660.png",1080,1080,false],"2048x2048":["https:\/\/mestizoos4patas.com\/store\/wp-content\/uploads\/2024\/08\/1053660.png",1080,1080,false],"woocommerce_thumbnail":["https:\/\/mestizoos4patas.com\/store\/wp-content\/uploads\/2024\/08\/1053660-300x300.png",300,300,true],"woocommerce_single":["https:\/\/mestizoos4patas.com\/store\/wp-content\/uploads\/2024\/08\/1053660-600x600.png",600,600,true],"woocommerce_gallery_thumbnail":["https:\/\/mestizoos4patas.com\/store\/wp-content\/uploads\/2024\/08\/1053660-100x100.png",100,100,true]},"uagb_author_info":{"display_name":"Rasputin","author_link":"https:\/\/mestizoos4patas.com\/store\/author\/"},"uagb_comment_info":0,"uagb_excerpt":"\u00a1El Refugio Perfecto para tu Compa\u00f1ero Peludo! Nuestros sof\u00e1s est\u00e1n dise\u00f1ados para brindar confort y seguridad, reduciendo el estr\u00e9s y la ansiedad de tu mascota. Reg\u00e1lale un espacio propio donde pueda relajarse y sentirse protegido. \u00a1No esperes m\u00e1s para darle a tu mascota el descanso que se merece! \u00a1Compra Ahora! Caracter\u00edsticas Incre\u00edbles: \u2714\ufe0f 100% Lavable&hellip;","_links":{"self":[{"href":"https:\/\/mestizoos4patas.com\/store\/wp-json\/wp\/v2\/product\/2231","targetHints":{"allow":["GET"]}}],"collection":[{"href":"https:\/\/mestizoos4patas.com\/store\/wp-json\/wp\/v2\/product"}],"about":[{"href":"https:\/\/mestizoos4patas.com\/store\/wp-json\/wp\/v2\/types\/product"}],"wp:featuredmedia":[{"embeddable":true,"href":"https:\/\/mestizoos4patas.com\/store\/wp-json\/wp\/v2\/media\/2254"}],"wp:attachment":[{"href":"https:\/\/mestizoos4patas.com\/store\/wp-json\/wp\/v2\/media?parent=2231"}],"wp:term":[{"taxonomy":"product_brand","embeddable":true,"href":"https:\/\/mestizoos4patas.com\/store\/wp-json\/wp\/v2\/product_brand?post=2231"},{"taxonomy":"product_cat","embeddable":true,"href":"https:\/\/mestizoos4patas.com\/store\/wp-json\/wp\/v2\/product_cat?post=2231"},{"taxonomy":"product_tag","embeddable":true,"href":"https:\/\/mestizoos4patas.com\/store\/wp-json\/wp\/v2\/product_tag?post=2231"}],"curies":[{"name":"wp","href":"https:\/\/api.w.org\/{rel}","templated":true}]}}