{"id":2211,"date":"2024-08-30T13:42:18","date_gmt":"2024-08-30T18:42:18","guid":{"rendered":"https:\/\/mestizoos4patas.com\/store\/producto\/tapete-entrenador-para-mascotas\/"},"modified":"2024-08-30T13:58:29","modified_gmt":"2024-08-30T18:58:29","slug":"tapete-entrenador","status":"publish","type":"product","link":"https:\/\/mestizoos4patas.com\/store\/producto\/tapete-entrenador\/","title":{"rendered":"Tapete Entrenador"},"content":{"rendered":"<p>Tapete Ba\u00f1o Entrenador Para Mascotas Ecologico (47x34cms)<\/p>\n<p>El Puppy Potty se compone de 3 niveles, el primero est\u00e1 hecho de un suave c\u00e9sped artificial dise\u00f1ado espec\u00edficamente para permitir el flujo de l\u00edquido a trav\u00e9s del mismo. Un segundo nivel mantiene la hierba seca y libre de cualquier l\u00edquido. El tercero y final es una bandeja de recogida con capacidad para mas de 4 litros que permite m\u00faltiples usos durante el d\u00eda<br \/>\nConstrucci\u00f3n de 3 capas , capa superior hierba sint\u00e9tica, capa de drenaje en la bandeja intermedia y capa de recogida en la parte inferior. F\u00e1cil de limpiar , simplemente enjuague con agua tibia jabonosa<\/p>\n<p>Material completamente lavable, por lo tanto tu mascota podr\u00e1 usarlo muchas veces.. Se trata de una bandeja que se ve y se siente como c\u00e9sped y esta impregnada con agentes antimicrobianos y un olor atrayente para que tu perro lo utilice<\/p>\n<p>CARACTER\u00cdSTICAS:<br \/>\n&#8211; Medidas: Dimensiones: 47 X 34 x 7 cms.<br \/>\n&#8211; Peso: 1.0 kg aprox<br \/>\n&#8211; Sistema de tres niveles que permiten filtrar la humedad<br \/>\n&#8211; Higi\u00e9nico, anti microbios<br \/>\n-Resistente a los olores<br \/>\n&#8211; Mantiene seca a su mascota<br \/>\n&#8211; Puede usarse apartamentos, en interiores o exteriores<br \/>\n&#8211; Confortable y su mascota no requiere salir a la calle<br \/>\n&#8211; Especial para perros peque\u00f1os<br \/>\n&#8211; Muy F\u00e1cil para limpiar, simplemente enjuag\u00e1ndose con agua jabonosa<br \/>\n-Permite el f\u00e1cil entrenamiento de su cachorro<br \/>\n-C\u00f3modo para las mascotas, con apariencia de jard\u00edn<br \/>\n-Elaborado con materiales resistentes y durables<\/p>\n<p>&nbsp;<\/p>\n<p>Garant\u00eda 10 d\u00edas: cubre Defectos de f\u00e1brica<\/p>\n<p>No cubre Da\u00f1os que ocurren despu\u00e9s de que la garant\u00eda all\u00e1 vencida<\/p>\n<p>Uso inadecuado del producto.<\/p>\n<p>Pedido incompleto<\/p>\n<p>Pedido roto<\/p>\n<p>Orden diferente.<\/p>\n<p>Tiempo para reportar garant\u00eda 10 d\u00edas<\/p>\n","protected":false},"excerpt":{"rendered":"<p>Tapete Ba\u00f1o Entrenador Para Mascotas Ecologico (47x34cms) El Puppy Potty se compone de 3 niveles, el primero est\u00e1 hecho de un suave c\u00e9sped artificial dise\u00f1ado espec\u00edficamente para permitir el flujo de l\u00edquido a trav\u00e9s del mismo. Un segundo nivel mantiene la hierba seca y libre de cualquier l\u00edquido. El tercero y final es una bandeja [&hellip;]<\/p>\n","protected":false},"featured_media":2220,"template":"","meta":{"_surecart_dashboard_logo_width":"180px","_surecart_dashboard_show_logo":true,"_surecart_dashboard_navigation_orders":true,"_surecart_dashboard_navigation_subscriptions":true,"_surecart_dashboard_navigation_downloads":true,"_surecart_dashboard_navigation_billing":true,"_surecart_dashboard_navigation_account":true,"_uag_custom_page_level_css":"","site-sidebar-layout":"default","site-content-layout":"","ast-site-content-layout":"default","site-content-style":"default","site-sidebar-style":"default","ast-global-header-display":"","ast-banner-title-visibility":"","ast-main-header-display":"","ast-hfb-above-header-display":"","ast-hfb-below-header-display":"","ast-hfb-mobile-header-display":"","site-post-title":"","ast-breadcrumbs-content":"","ast-featured-img":"","footer-sml-layout":"","theme-transparent-header-meta":"default","adv-header-id-meta":"","stick-header-meta":"","header-above-stick-meta":"","header-main-stick-meta":"","header-below-stick-meta":"","astra-migrate-meta-layouts":"set","ast-page-background-enabled":"default","ast-page-background-meta":{"desktop":{"background-color":"","background-image":"","background-repeat":"repeat","background-position":"center center","background-size":"auto","background-attachment":"scroll","background-type":"","background-media":"","overlay-type":"","overlay-color":"","overlay-opacity":"","overlay-gradient":""},"tablet":{"background-color":"","background-image":"","background-repeat":"repeat","background-position":"center center","background-size":"auto","background-attachment":"scroll","background-type":"","background-media":"","overlay-type":"","overlay-color":"","overlay-opacity":"","overlay-gradient":""},"mobile":{"background-color":"","background-image":"","background-repeat":"repeat","background-position":"center center","background-size":"auto","background-attachment":"scroll","background-type":"","background-media":"","overlay-type":"","overlay-color":"","overlay-opacity":"","overlay-gradient":""}},"ast-content-background-meta":{"desktop":{"background-color":"var(--ast-global-color-5)","background-image":"","background-repeat":"repeat","background-position":"center center","background-size":"auto","background-attachment":"scroll","background-type":"","background-media":"","overlay-type":"","overlay-color":"","overlay-opacity":"","overlay-gradient":""},"tablet":{"background-color":"var(--ast-global-color-5)","background-image":"","background-repeat":"repeat","background-position":"center center","background-size":"auto","background-attachment":"scroll","background-type":"","background-media":"","overlay-type":"","overlay-color":"","overlay-opacity":"","overlay-gradient":""},"mobile":{"background-color":"var(--ast-global-color-5)","background-image":"","background-repeat":"repeat","background-position":"center center","background-size":"auto","background-attachment":"scroll","background-type":"","background-media":"","overlay-type":"","overlay-color":"","overlay-opacity":"","overlay-gradient":""}},"_joinchat":[]},"product_brand":[],"product_cat":[31],"product_tag":[],"class_list":{"0":"post-2211","1":"product","2":"type-product","3":"status-publish","4":"has-post-thumbnail","6":"product_cat-mascotas","7":"desktop-align-left","8":"tablet-align-left","9":"mobile-align-left","11":"first","12":"instock","13":"taxable","14":"shipping-taxable","15":"purchasable","16":"product-type-simple"},"jetpack_sharing_enabled":true,"uagb_featured_image_src":{"full":["https:\/\/mestizoos4patas.com\/store\/wp-content\/uploads\/2024\/08\/829358-1.png",500,499,false],"thumbnail":["https:\/\/mestizoos4patas.com\/store\/wp-content\/uploads\/2024\/08\/829358-1.png",150,150,false],"medium":["https:\/\/mestizoos4patas.com\/store\/wp-content\/uploads\/2024\/08\/829358-1.png",300,300,false],"medium_large":["https:\/\/mestizoos4patas.com\/store\/wp-content\/uploads\/2024\/08\/829358-1.png",500,499,false],"large":["https:\/\/mestizoos4patas.com\/store\/wp-content\/uploads\/2024\/08\/829358-1.png",500,499,false],"1536x1536":["https:\/\/mestizoos4patas.com\/store\/wp-content\/uploads\/2024\/08\/829358-1.png",500,499,false],"2048x2048":["https:\/\/mestizoos4patas.com\/store\/wp-content\/uploads\/2024\/08\/829358-1.png",500,499,false],"woocommerce_thumbnail":["https:\/\/mestizoos4patas.com\/store\/wp-content\/uploads\/2024\/08\/829358-1.png",300,300,false],"woocommerce_single":["https:\/\/mestizoos4patas.com\/store\/wp-content\/uploads\/2024\/08\/829358-1.png",500,499,false],"woocommerce_gallery_thumbnail":["https:\/\/mestizoos4patas.com\/store\/wp-content\/uploads\/2024\/08\/829358-1.png",100,100,false]},"uagb_author_info":{"display_name":"Rasputin","author_link":"https:\/\/mestizoos4patas.com\/store\/author\/"},"uagb_comment_info":0,"uagb_excerpt":"Tapete Ba\u00f1o Entrenador Para Mascotas Ecologico (47x34cms) El Puppy Potty se compone de 3 niveles, el primero est\u00e1 hecho de un suave c\u00e9sped artificial dise\u00f1ado espec\u00edficamente para permitir el flujo de l\u00edquido a trav\u00e9s del mismo. Un segundo nivel mantiene la hierba seca y libre de cualquier l\u00edquido. El tercero y final es una bandeja&hellip;","_links":{"self":[{"href":"https:\/\/mestizoos4patas.com\/store\/wp-json\/wp\/v2\/product\/2211","targetHints":{"allow":["GET"]}}],"collection":[{"href":"https:\/\/mestizoos4patas.com\/store\/wp-json\/wp\/v2\/product"}],"about":[{"href":"https:\/\/mestizoos4patas.com\/store\/wp-json\/wp\/v2\/types\/product"}],"wp:featuredmedia":[{"embeddable":true,"href":"https:\/\/mestizoos4patas.com\/store\/wp-json\/wp\/v2\/media\/2220"}],"wp:attachment":[{"href":"https:\/\/mestizoos4patas.com\/store\/wp-json\/wp\/v2\/media?parent=2211"}],"wp:term":[{"taxonomy":"product_brand","embeddable":true,"href":"https:\/\/mestizoos4patas.com\/store\/wp-json\/wp\/v2\/product_brand?post=2211"},{"taxonomy":"product_cat","embeddable":true,"href":"https:\/\/mestizoos4patas.com\/store\/wp-json\/wp\/v2\/product_cat?post=2211"},{"taxonomy":"product_tag","embeddable":true,"href":"https:\/\/mestizoos4patas.com\/store\/wp-json\/wp\/v2\/product_tag?post=2211"}],"curies":[{"name":"wp","href":"https:\/\/api.w.org\/{rel}","templated":true}]}}