{"id":2202,"date":"2024-08-30T13:10:29","date_gmt":"2024-08-30T18:10:29","guid":{"rendered":"https:\/\/mestizoos4patas.com\/store\/producto\/cama-garra\/"},"modified":"2024-08-30T13:30:53","modified_gmt":"2024-08-30T18:30:53","slug":"cama-garra","status":"publish","type":"product","link":"https:\/\/mestizoos4patas.com\/store\/producto\/cama-garra\/","title":{"rendered":"Cama Garra"},"content":{"rendered":"<h2>Sue\u00f1o de primera calidad<\/h2>\n<p>\u00a1D\u00e9jame presentarte la cama perfecta para tus peludos amigos: \u00a1la cama Garrita! \ud83d\udc3e\u2728 Dise\u00f1ada para brindar el m\u00e1ximo confort, esta maravilla es m\u00e1s que una simple cama. Es un refugio antiestr\u00e9s, una fuente de calidez en las noches fr\u00edas, y un apoyo excepcional para las articulaciones y la columna vertebral.<\/p>\n<p>Con Garrita, el estr\u00e9s se desvanece mientras tus mascotas se sumergen en su propio oasis de tranquilidad. \ud83c\udf08 Adem\u00e1s, el dise\u00f1o de Garrita no solo es elegante, sino que tambi\u00e9n ofrece una suavidad excepcional que tus peludos amigos adorar\u00e1n.<\/p>\n<p>No te conformes con una cama com\u00fan. Dale a tus mascotas el regalo de la comodidad suprema con la cama Garrita. \ud83d\udecf\ufe0f\ud83d\udc96 Descubre la diferencia que puede hacer en la vida de tus peludos amigos. \u00a1Ord\u00e9nala ahora y haz que cada siesta sea un placer! \ud83d\udc3e\ud83c\udf1f<\/p>\n<p>Los bordes elevados crean una sensaci\u00f3n de seguridad y proporcionan un excelente apoyo para la cabeza y el cuello, aliviado el dolor de articulaciones y m\u00fasculos.<\/p>\n<p>\u2714\ufe0f\u00a0Cremallera<\/p>\n<p>\u2714\ufe0f\u00a0Lavable a m\u00e1quina<\/p>\n<p>\u2714\ufe0f\u00a0Fibra pet<\/p>\n<p>\u2714\ufe0f\u00a0Fondo antideslizante<\/p>\n<p>Garant\u00eda 10 d\u00edas: cubre Defectos de f\u00e1brica<\/p>\n<p>No cubre Da\u00f1os que ocurren despu\u00e9s de que la garant\u00eda all\u00e1 vencida<\/p>\n<p>Uso inadecuado del producto.<\/p>\n<p>Pedido incompleto<\/p>\n<p>Pedido roto<\/p>\n<p>Orden diferente.<\/p>\n<p>Tiempo para reportar garant\u00eda 10 d\u00edas<\/p>\n","protected":false},"excerpt":{"rendered":"<p>Sue\u00f1o de primera calidad \u00a1D\u00e9jame presentarte la cama perfecta para tus peludos amigos: \u00a1la cama Garrita! \ud83d\udc3e\u2728 Dise\u00f1ada para brindar el m\u00e1ximo confort, esta maravilla es m\u00e1s que una simple cama. Es un refugio antiestr\u00e9s, una fuente de calidez en las noches fr\u00edas, y un apoyo excepcional para las articulaciones y la columna vertebral. Con [&hellip;]<\/p>\n","protected":false},"featured_media":2203,"template":"","meta":{"_surecart_dashboard_logo_width":"180px","_surecart_dashboard_show_logo":true,"_surecart_dashboard_navigation_orders":true,"_surecart_dashboard_navigation_subscriptions":true,"_surecart_dashboard_navigation_downloads":true,"_surecart_dashboard_navigation_billing":true,"_surecart_dashboard_navigation_account":true,"_uag_custom_page_level_css":"","site-sidebar-layout":"default","site-content-layout":"","ast-site-content-layout":"default","site-content-style":"default","site-sidebar-style":"default","ast-global-header-display":"","ast-banner-title-visibility":"","ast-main-header-display":"","ast-hfb-above-header-display":"","ast-hfb-below-header-display":"","ast-hfb-mobile-header-display":"","site-post-title":"","ast-breadcrumbs-content":"","ast-featured-img":"","footer-sml-layout":"","theme-transparent-header-meta":"default","adv-header-id-meta":"","stick-header-meta":"","header-above-stick-meta":"","header-main-stick-meta":"","header-below-stick-meta":"","astra-migrate-meta-layouts":"set","ast-page-background-enabled":"default","ast-page-background-meta":{"desktop":{"background-color":"","background-image":"","background-repeat":"repeat","background-position":"center center","background-size":"auto","background-attachment":"scroll","background-type":"","background-media":"","overlay-type":"","overlay-color":"","overlay-opacity":"","overlay-gradient":""},"tablet":{"background-color":"","background-image":"","background-repeat":"repeat","background-position":"center center","background-size":"auto","background-attachment":"scroll","background-type":"","background-media":"","overlay-type":"","overlay-color":"","overlay-opacity":"","overlay-gradient":""},"mobile":{"background-color":"","background-image":"","background-repeat":"repeat","background-position":"center center","background-size":"auto","background-attachment":"scroll","background-type":"","background-media":"","overlay-type":"","overlay-color":"","overlay-opacity":"","overlay-gradient":""}},"ast-content-background-meta":{"desktop":{"background-color":"var(--ast-global-color-5)","background-image":"","background-repeat":"repeat","background-position":"center center","background-size":"auto","background-attachment":"scroll","background-type":"","background-media":"","overlay-type":"","overlay-color":"","overlay-opacity":"","overlay-gradient":""},"tablet":{"background-color":"var(--ast-global-color-5)","background-image":"","background-repeat":"repeat","background-position":"center center","background-size":"auto","background-attachment":"scroll","background-type":"","background-media":"","overlay-type":"","overlay-color":"","overlay-opacity":"","overlay-gradient":""},"mobile":{"background-color":"var(--ast-global-color-5)","background-image":"","background-repeat":"repeat","background-position":"center center","background-size":"auto","background-attachment":"scroll","background-type":"","background-media":"","overlay-type":"","overlay-color":"","overlay-opacity":"","overlay-gradient":""}},"_joinchat":[]},"product_brand":[],"product_cat":[31],"product_tag":[],"class_list":{"0":"post-2202","1":"product","2":"type-product","3":"status-publish","4":"has-post-thumbnail","6":"product_cat-mascotas","7":"desktop-align-left","8":"tablet-align-left","9":"mobile-align-left","11":"first","12":"instock","13":"sale","14":"taxable","15":"shipping-taxable","16":"purchasable","17":"product-type-variable","18":"has-default-attributes"},"jetpack_sharing_enabled":true,"uagb_featured_image_src":{"full":["https:\/\/mestizoos4patas.com\/store\/wp-content\/uploads\/2024\/08\/1053699.png",1080,1080,false],"thumbnail":["https:\/\/mestizoos4patas.com\/store\/wp-content\/uploads\/2024\/08\/1053699-150x150.png",150,150,true],"medium":["https:\/\/mestizoos4patas.com\/store\/wp-content\/uploads\/2024\/08\/1053699-300x300.png",300,300,true],"medium_large":["https:\/\/mestizoos4patas.com\/store\/wp-content\/uploads\/2024\/08\/1053699-768x768.png",768,768,true],"large":["https:\/\/mestizoos4patas.com\/store\/wp-content\/uploads\/2024\/08\/1053699-1024x1024.png",1024,1024,true],"1536x1536":["https:\/\/mestizoos4patas.com\/store\/wp-content\/uploads\/2024\/08\/1053699.png",1080,1080,false],"2048x2048":["https:\/\/mestizoos4patas.com\/store\/wp-content\/uploads\/2024\/08\/1053699.png",1080,1080,false],"woocommerce_thumbnail":["https:\/\/mestizoos4patas.com\/store\/wp-content\/uploads\/2024\/08\/1053699-300x300.png",300,300,true],"woocommerce_single":["https:\/\/mestizoos4patas.com\/store\/wp-content\/uploads\/2024\/08\/1053699-600x600.png",600,600,true],"woocommerce_gallery_thumbnail":["https:\/\/mestizoos4patas.com\/store\/wp-content\/uploads\/2024\/08\/1053699-100x100.png",100,100,true]},"uagb_author_info":{"display_name":"Rasputin","author_link":"https:\/\/mestizoos4patas.com\/store\/author\/"},"uagb_comment_info":0,"uagb_excerpt":"Sue\u00f1o de primera calidad \u00a1D\u00e9jame presentarte la cama perfecta para tus peludos amigos: \u00a1la cama Garrita! \ud83d\udc3e\u2728 Dise\u00f1ada para brindar el m\u00e1ximo confort, esta maravilla es m\u00e1s que una simple cama. Es un refugio antiestr\u00e9s, una fuente de calidez en las noches fr\u00edas, y un apoyo excepcional para las articulaciones y la columna vertebral. Con&hellip;","_links":{"self":[{"href":"https:\/\/mestizoos4patas.com\/store\/wp-json\/wp\/v2\/product\/2202","targetHints":{"allow":["GET"]}}],"collection":[{"href":"https:\/\/mestizoos4patas.com\/store\/wp-json\/wp\/v2\/product"}],"about":[{"href":"https:\/\/mestizoos4patas.com\/store\/wp-json\/wp\/v2\/types\/product"}],"wp:featuredmedia":[{"embeddable":true,"href":"https:\/\/mestizoos4patas.com\/store\/wp-json\/wp\/v2\/media\/2203"}],"wp:attachment":[{"href":"https:\/\/mestizoos4patas.com\/store\/wp-json\/wp\/v2\/media?parent=2202"}],"wp:term":[{"taxonomy":"product_brand","embeddable":true,"href":"https:\/\/mestizoos4patas.com\/store\/wp-json\/wp\/v2\/product_brand?post=2202"},{"taxonomy":"product_cat","embeddable":true,"href":"https:\/\/mestizoos4patas.com\/store\/wp-json\/wp\/v2\/product_cat?post=2202"},{"taxonomy":"product_tag","embeddable":true,"href":"https:\/\/mestizoos4patas.com\/store\/wp-json\/wp\/v2\/product_tag?post=2202"}],"curies":[{"name":"wp","href":"https:\/\/api.w.org\/{rel}","templated":true}]}}