{"id":2021,"date":"2024-08-17T00:01:52","date_gmt":"2024-08-17T05:01:52","guid":{"rendered":"https:\/\/mestizoos4patas.com\/store\/?post_type=product&#038;p=2021"},"modified":"2024-09-20T16:41:29","modified_gmt":"2024-09-20T21:41:29","slug":"boleta-sorteo","status":"publish","type":"product","link":"https:\/\/mestizoos4patas.com\/store\/producto\/boleta-sorteo\/","title":{"rendered":"Boleta"},"content":{"rendered":"<h3><\/h3>\n<h3><strong>\u00a1No te pierdas esta gran oportunidad de ganar $10,000,000 en efectivo mientras apoyas una causa noble!<\/strong><\/h3>\n<h6 style=\"text-align: justify;\"><strong>Este 20 de noviembre, a las 10:30 PM, juega la suerte con las 4 cifras del premio mayor de la Loter\u00eda del Valle y podr\u00edas llevarte $10,000,000 en efectivo. Pero lo mejor de todo es que, al comprar tu boleta, estar\u00e1s contribuyendo al sostenimiento de nuestro refugio Mestizoos 4 Patas y ayudando a los peluditos que necesitan atenci\u00f3n urgente.<\/strong><\/h6>\n<h5 style=\"text-align: justify;\"><\/h5>\n<h5 style=\"text-align: justify;\"><strong>\u00bfC\u00f3mo participar? Es muy f\u00e1cil:<\/strong><\/h5>\n<ol>\n<li style=\"text-align: justify;\">Elige cu\u00e1ntas boletas quieres en nuestro carrito de compras.<\/li>\n<li style=\"text-align: justify;\">Realiza tu pago de forma segura mediante transferencia a Bancolombia, Nequi, Daviplata, Transfiya, o si prefieres, a trav\u00e9s de WOMPI con tarjeta d\u00e9bito, cr\u00e9dito, cuenta de ahorros o cuenta corriente.<\/li>\n<li style=\"text-align: justify;\">Una vez efectuado el pago, env\u00edanos un correo a <strong><a href=\"mailto:sorteo@mestizoos4patas.com\">sorteo@mestizoos4patas.com<\/a><\/strong> con los n\u00fameros que deseas en tus boletas (del 0000 al 9999), junto con el comprobante del pago,\u00a0 la referencia de la transacci\u00f3n y tu n\u00famero de Whatsapp.<\/li>\n<li>Agregar el correo <strong><a href=\"mailto:sorteo@mestizoos4patas.com\">sorteo@mestizoos4patas.com<\/a><\/strong> a tus contactos para que no llegue a la bandeja de SPAM<\/li>\n<li>El whatsapp habilitado <strong>321 730 8489<\/strong> no esta apto para leer o reconocer im\u00e1genes, no enviar el comprobante a dicho whatsapp si no al correo<strong><a href=\"mailto:sorteo@mestizoos4patas.com\"> sorteo@mestizoos4patas.com<\/a><\/strong><\/li>\n<\/ol>\n<h6 style=\"text-align: center;\"><strong>\u00a1Recuerda! Todas nuestras boletas son virtuales, y tras verificar tu pago, te las enviaremos a tu correo electr\u00f3nico.<\/strong><\/h6>\n<p>No esperes m\u00e1s! La venta de boletas estar\u00e1 disponible hasta el 19 de noviembre a las 2:00 PM. Invita a tus familiares y amigos a participar tambi\u00e9n y juntos podremos continuar con esta labor que salva vidas. \u00a1Mucha suerte y gracias por ser parte de esta causa!<\/p>\n","protected":false},"excerpt":{"rendered":"<p>&nbsp;<\/p>\n<ol>\n<li><strong>Elige cuantas boletas vas a comprar.<\/strong><\/li>\n<li><strong>Ve al carrito de compras y continua el proceso.<\/strong><\/li>\n<li><strong>Paga con Bancolombia, Nequi, Daviplata, Transfiya o WOMPI &#8211; PSE<\/strong><\/li>\n<li><strong>Despu\u00e9s de aprobado el pago, env\u00eda un correo a <a href=\"mailto:sorteo@mestizoos4patas.com\">sorteo@mestizoos4patas.com<\/a> indic\u00e1ndonos los n\u00fameros que quieres entre el 0000 y el 9999. agrega por favor tu n\u00famero de Whatsapp.<\/strong><\/li>\n<li><strong>Cuando verifiquemos el pago te enviaremos tus boletas por correo electr\u00f3nico.<\/strong><\/li>\n<\/ol>\n","protected":false},"featured_media":2335,"template":"","meta":{"_surecart_dashboard_logo_width":"180px","_surecart_dashboard_show_logo":true,"_surecart_dashboard_navigation_orders":true,"_surecart_dashboard_navigation_subscriptions":true,"_surecart_dashboard_navigation_downloads":true,"_surecart_dashboard_navigation_billing":true,"_surecart_dashboard_navigation_account":true,"_uag_custom_page_level_css":"","site-sidebar-layout":"default","site-content-layout":"","ast-site-content-layout":"default","site-content-style":"default","site-sidebar-style":"default","ast-global-header-display":"","ast-banner-title-visibility":"","ast-main-header-display":"","ast-hfb-above-header-display":"","ast-hfb-below-header-display":"","ast-hfb-mobile-header-display":"","site-post-title":"","ast-breadcrumbs-content":"","ast-featured-img":"","footer-sml-layout":"","theme-transparent-header-meta":"default","adv-header-id-meta":"","stick-header-meta":"","header-above-stick-meta":"","header-main-stick-meta":"","header-below-stick-meta":"","astra-migrate-meta-layouts":"set","ast-page-background-enabled":"default","ast-page-background-meta":{"desktop":{"background-color":"","background-image":"","background-repeat":"repeat","background-position":"center center","background-size":"auto","background-attachment":"scroll","background-type":"","background-media":"","overlay-type":"","overlay-color":"","overlay-opacity":"","overlay-gradient":""},"tablet":{"background-color":"","background-image":"","background-repeat":"repeat","background-position":"center center","background-size":"auto","background-attachment":"scroll","background-type":"","background-media":"","overlay-type":"","overlay-color":"","overlay-opacity":"","overlay-gradient":""},"mobile":{"background-color":"","background-image":"","background-repeat":"repeat","background-position":"center center","background-size":"auto","background-attachment":"scroll","background-type":"","background-media":"","overlay-type":"","overlay-color":"","overlay-opacity":"","overlay-gradient":""}},"ast-content-background-meta":{"desktop":{"background-color":"var(--ast-global-color-5)","background-image":"","background-repeat":"repeat","background-position":"center center","background-size":"auto","background-attachment":"scroll","background-type":"","background-media":"","overlay-type":"","overlay-color":"","overlay-opacity":"","overlay-gradient":""},"tablet":{"background-color":"var(--ast-global-color-5)","background-image":"","background-repeat":"repeat","background-position":"center center","background-size":"auto","background-attachment":"scroll","background-type":"","background-media":"","overlay-type":"","overlay-color":"","overlay-opacity":"","overlay-gradient":""},"mobile":{"background-color":"var(--ast-global-color-5)","background-image":"","background-repeat":"repeat","background-position":"center center","background-size":"auto","background-attachment":"scroll","background-type":"","background-media":"","overlay-type":"","overlay-color":"","overlay-opacity":"","overlay-gradient":""}},"_joinchat":[]},"product_brand":[],"product_cat":[30],"product_tag":[],"class_list":{"0":"post-2021","1":"product","2":"type-product","3":"status-publish","4":"has-post-thumbnail","6":"product_cat-sorteo","7":"desktop-align-left","8":"tablet-align-left","9":"mobile-align-left","11":"first","12":"instock","13":"virtual","14":"taxable","15":"purchasable","16":"product-type-simple"},"jetpack_sharing_enabled":true,"uagb_featured_image_src":{"full":["https:\/\/mestizoos4patas.com\/store\/wp-content\/uploads\/2024\/08\/boleta-1.png",800,800,false],"thumbnail":["https:\/\/mestizoos4patas.com\/store\/wp-content\/uploads\/2024\/08\/boleta-1-150x150.png",150,150,true],"medium":["https:\/\/mestizoos4patas.com\/store\/wp-content\/uploads\/2024\/08\/boleta-1-300x300.png",300,300,true],"medium_large":["https:\/\/mestizoos4patas.com\/store\/wp-content\/uploads\/2024\/08\/boleta-1-768x768.png",768,768,true],"large":["https:\/\/mestizoos4patas.com\/store\/wp-content\/uploads\/2024\/08\/boleta-1.png",800,800,false],"1536x1536":["https:\/\/mestizoos4patas.com\/store\/wp-content\/uploads\/2024\/08\/boleta-1.png",800,800,false],"2048x2048":["https:\/\/mestizoos4patas.com\/store\/wp-content\/uploads\/2024\/08\/boleta-1.png",800,800,false],"woocommerce_thumbnail":["https:\/\/mestizoos4patas.com\/store\/wp-content\/uploads\/2024\/08\/boleta-1-300x300.png",300,300,true],"woocommerce_single":["https:\/\/mestizoos4patas.com\/store\/wp-content\/uploads\/2024\/08\/boleta-1-600x600.png",600,600,true],"woocommerce_gallery_thumbnail":["https:\/\/mestizoos4patas.com\/store\/wp-content\/uploads\/2024\/08\/boleta-1-100x100.png",100,100,true]},"uagb_author_info":{"display_name":"Rasputin","author_link":"https:\/\/mestizoos4patas.com\/store\/author\/"},"uagb_comment_info":0,"uagb_excerpt":"&nbsp; Elige cuantas boletas vas a comprar. Ve al carrito de compras y continua el proceso. Paga con Bancolombia, Nequi, Daviplata, Transfiya o WOMPI - PSE Despu\u00e9s de aprobado el pago, env\u00eda un correo a sorteo@mestizoos4patas.com indic\u00e1ndonos los n\u00fameros que quieres entre el 0000 y el 9999. agrega por favor tu n\u00famero de Whatsapp. Cuando&hellip;","_links":{"self":[{"href":"https:\/\/mestizoos4patas.com\/store\/wp-json\/wp\/v2\/product\/2021","targetHints":{"allow":["GET"]}}],"collection":[{"href":"https:\/\/mestizoos4patas.com\/store\/wp-json\/wp\/v2\/product"}],"about":[{"href":"https:\/\/mestizoos4patas.com\/store\/wp-json\/wp\/v2\/types\/product"}],"wp:featuredmedia":[{"embeddable":true,"href":"https:\/\/mestizoos4patas.com\/store\/wp-json\/wp\/v2\/media\/2335"}],"wp:attachment":[{"href":"https:\/\/mestizoos4patas.com\/store\/wp-json\/wp\/v2\/media?parent=2021"}],"wp:term":[{"taxonomy":"product_brand","embeddable":true,"href":"https:\/\/mestizoos4patas.com\/store\/wp-json\/wp\/v2\/product_brand?post=2021"},{"taxonomy":"product_cat","embeddable":true,"href":"https:\/\/mestizoos4patas.com\/store\/wp-json\/wp\/v2\/product_cat?post=2021"},{"taxonomy":"product_tag","embeddable":true,"href":"https:\/\/mestizoos4patas.com\/store\/wp-json\/wp\/v2\/product_tag?post=2021"}],"curies":[{"name":"wp","href":"https:\/\/api.w.org\/{rel}","templated":true}]}}